{"id":474,"date":"2025-02-27T17:03:06","date_gmt":"2025-02-27T17:03:06","guid":{"rendered":"https:\/\/salmi.pircejacels.lv\/?page_id=474"},"modified":"2025-02-27T17:06:25","modified_gmt":"2025-02-27T17:06:25","slug":"individual-orders","status":"publish","type":"page","link":"https:\/\/salmi.pircejacels.lv\/en\/individual-orders\/","title":{"rendered":"Individual orders"},"content":{"rendered":"<p>[et_pb_section fb_built=&#8221;1&#8243; admin_label=&#8221;Header&#8221; _builder_version=&#8221;4.27.0&#8243; _module_preset=&#8221;default&#8221; background_color=&#8221;#000000&#8243; use_background_color_gradient=&#8221;on&#8221; background_color_gradient_stops=&#8221;rgba(81,88,69,0.6) 0%|rgba(37,40,31,0.89) 100%&#8221; background_color_gradient_overlays_image=&#8221;on&#8221; background_color_gradient_start=&#8221;rgba(81,88,69,0.6)&#8221; background_color_gradient_end=&#8221;rgba(37,40,31,0.89)&#8221; background_image=&#8221;https:\/\/salmi.pircejacels.lv\/wp-content\/uploads\/2025\/01\/DSC_1366.jpg&#8221; custom_padding=&#8221;||0px|||&#8221; global_colors_info=&#8221;{}&#8221; theme_builder_area=&#8221;post_content&#8221;][et_pb_row _builder_version=&#8221;4.16&#8243; _module_preset=&#8221;default&#8221; global_colors_info=&#8221;{}&#8221; theme_builder_area=&#8221;post_content&#8221;][et_pb_column type=&#8221;4_4&#8243; _builder_version=&#8221;4.16&#8243; _module_preset=&#8221;default&#8221; global_colors_info=&#8221;{}&#8221; theme_builder_area=&#8221;post_content&#8221;][et_pb_text _builder_version=&#8221;4.27.4&#8243; _module_preset=&#8221;d72c0383-6487-4f2c-ac5c-7d48a6376757&#8243; header_font=&#8221;Trirong||||||||&#8221; header_text_color=&#8221;#BCA274&#8243; header_font_size=&#8221;100px&#8221; header_line_height=&#8221;1.1em&#8221; background_layout=&#8221;dark&#8221; hover_enabled=&#8221;0&#8243; header_font_size_tablet=&#8221;60px&#8221; header_font_size_phone=&#8221;26px&#8221; header_font_size_last_edited=&#8221;on|phone&#8221; global_colors_info=&#8221;{}&#8221; theme_builder_area=&#8221;post_content&#8221; sticky_enabled=&#8221;0&#8243;]<\/p>\n<h1>The Straw Museum<\/h1>\n<p>[\/et_pb_text][\/et_pb_column][\/et_pb_row][et_pb_row column_structure=&#8221;1_2,1_2&#8243; _builder_version=&#8221;4.16&#8243; _module_preset=&#8221;default&#8221; custom_padding=&#8221;||0px|||&#8221; global_colors_info=&#8221;{}&#8221; theme_builder_area=&#8221;post_content&#8221;][et_pb_column type=&#8221;1_2&#8243; _builder_version=&#8221;4.16&#8243; _module_preset=&#8221;default&#8221; global_colors_info=&#8221;{}&#8221; theme_builder_area=&#8221;post_content&#8221;][et_pb_text _builder_version=&#8221;4.27.4&#8243; _module_preset=&#8221;32021f09-dd67-47fb-8f9a-832b72a38baf&#8221; header_2_font=&#8221;Merriweather|600|||||||&#8221; header_2_font_size=&#8221;55px&#8221; header_2_line_height=&#8221;1.2em&#8221; header_3_text_color=&#8221;#BCA274&#8243; background_layout=&#8221;dark&#8221; hover_enabled=&#8221;0&#8243; header_2_font_size_tablet=&#8221;45px&#8221; header_2_font_size_phone=&#8221;20px&#8221; header_2_font_size_last_edited=&#8221;on|phone&#8221; locked=&#8221;off&#8221; global_colors_info=&#8221;{}&#8221; theme_builder_area=&#8221;post_content&#8221; sticky_enabled=&#8221;0&#8243;]<\/p>\n<h2>\u00a0Individual orders<\/h2>\n<p>[\/et_pb_text][et_pb_text _builder_version=&#8221;4.27.4&#8243; _module_preset=&#8221;16a54059-cc81-4572-9c70-eda6a6c419bf&#8221; text_font=&#8221;Merriweather||||||||&#8221; text_text_color=&#8221;rgba(255,255,255,0.8)&#8221; text_font_size=&#8221;16px&#8221; text_line_height=&#8221;2em&#8221; link_text_color=&#8221;#b29a6e&#8221; background_layout=&#8221;dark&#8221; hover_enabled=&#8221;0&#8243; text_font_size_tablet=&#8221;15px&#8221; text_font_size_phone=&#8221;14px&#8221; text_font_size_last_edited=&#8221;on|phone&#8221; header_font_size_tablet=&#8221;55px&#8221; header_font_size_last_edited=&#8221;off|desktop&#8221; locked=&#8221;off&#8221; global_colors_info=&#8221;{}&#8221; theme_builder_area=&#8221;post_content&#8221; sticky_enabled=&#8221;0&#8243;]<\/p>\n<p>If you want to be noticeable, original, please existing customers and attract new ones, then we make various straw\/wall sculptures, dolls and decorations according to your order. Anyone who wants to complement or decorate their retail outlet, house facade, shop window or surrounding environment can place an order. We ensure the highest quality of craftsmanship in the production of straw\/wall sculptures.<br \/>We make decorations for various holidays:<\/p>\n<ul>\n<li>\u00a0Christmas decorations<\/li>\n<li>Easter decorations<\/li>\n<li>Decorations in retail outlets<\/li>\n<li>Decorations for special occasions<\/li>\n<\/ul>\n<p>GIFTS &#8211; things made of straw\/hay: birds, cats, gnomes, bunnies, dogs, goats, squirrels, mice, dolls, owls, piglets, witches and many other characters. Each figurine consists of 99% natural material. It is 100% handmade \u2013 with individually designed facial details, hairstyles, sewn clothes, etc. The range of offers is regularly updated with new characters, which can be purchased both as magnets, as hanging figures, and attached to wooden bases in various positions.<br \/>Original figures will be a great gift for your family, friends and colleagues.<\/p>\n<p>We invite you to place orders in a timely manner by phone: <a href=\"tel:0037129495746\">+371-29495746<\/a><\/p>\n<p>[\/et_pb_text][et_pb_button button_url=&#8221;https:\/\/salmi.pircejacels.lv\/en\/contacts\/&#8221; button_text=&#8221;Contact us&#8221; button_alignment=&#8221;left&#8221; _builder_version=&#8221;4.27.4&#8243; _module_preset=&#8221;a93bd5f4-85ca-4af8-aab9-5954042d5969&#8243; custom_button=&#8221;on&#8221; button_text_size=&#8221;14px&#8221; button_bg_color=&#8221;RGBA(0,0,0,0)&#8221; button_border_radius=&#8221;0px&#8221; button_letter_spacing=&#8221;3px&#8221; button_font=&#8221;|700||on|||||&#8221; background_layout=&#8221;dark&#8221; custom_padding=&#8221;14px|30px|14px|30px|true|true&#8221; hover_enabled=&#8221;0&#8243; global_colors_info=&#8221;{}&#8221; button_bg_color__hover=&#8221;#FFFFFF&#8221; button_bg_color__hover_enabled=&#8221;on|hover&#8221; button_text_color__hover=&#8221;#000000&#8243; button_text_color__hover_enabled=&#8221;on|hover&#8221; button_border_color__hover=&#8221;RGBA(0,0,0,0)&#8221; button_border_color__hover_enabled=&#8221;on|desktop&#8221; locked=&#8221;off&#8221; theme_builder_area=&#8221;post_content&#8221; custom_margin=&#8221;||20px||false|false&#8221; sticky_enabled=&#8221;0&#8243;][\/et_pb_button][\/et_pb_column][et_pb_column type=&#8221;1_2&#8243; _builder_version=&#8221;4.16&#8243; _module_preset=&#8221;default&#8221; global_colors_info=&#8221;{}&#8221; theme_builder_area=&#8221;post_content&#8221;][et_pb_image src=&#8221;https:\/\/salmi.pircejacels.lv\/wp-content\/uploads\/2025\/02\/IMG_E5545-scaled.jpg&#8221; title_text=&#8221;IMG_E5545&#8243; _builder_version=&#8221;4.27.4&#8243; _module_preset=&#8221;default&#8221; global_colors_info=&#8221;{}&#8221; theme_builder_area=&#8221;post_content&#8221;][\/et_pb_image][\/et_pb_column][\/et_pb_row][\/et_pb_section][et_pb_section fb_built=&#8221;1&#8243; _builder_version=&#8221;4.27.0&#8243; _module_preset=&#8221;default&#8221; background_color=&#8221;#f6efe7&#8243; global_colors_info=&#8221;{}&#8221; theme_builder_area=&#8221;post_content&#8221;][et_pb_row _builder_version=&#8221;4.27.0&#8243; _module_preset=&#8221;default&#8221; global_colors_info=&#8221;{}&#8221; theme_builder_area=&#8221;post_content&#8221;][et_pb_column type=&#8221;4_4&#8243; _builder_version=&#8221;4.27.0&#8243; _module_preset=&#8221;default&#8221; global_colors_info=&#8221;{}&#8221; theme_builder_area=&#8221;post_content&#8221;][et_pb_text _builder_version=&#8221;4.27.4&#8243; _module_preset=&#8221;16a54059-cc81-4572-9c70-eda6a6c419bf&#8221; text_font=&#8221;Merriweather||||||||&#8221; text_text_color=&#8221;#000000&#8243; text_font_size=&#8221;16px&#8221; text_line_height=&#8221;2em&#8221; link_text_color=&#8221;#b29a6e&#8221; background_layout=&#8221;dark&#8221; hover_enabled=&#8221;0&#8243; text_font_size_tablet=&#8221;15px&#8221; text_font_size_phone=&#8221;14px&#8221; text_font_size_last_edited=&#8221;on|phone&#8221; header_font_size_tablet=&#8221;55px&#8221; header_font_size_last_edited=&#8221;off|desktop&#8221; locked=&#8221;off&#8221; global_colors_info=&#8221;{}&#8221; theme_builder_area=&#8221;post_content&#8221; sticky_enabled=&#8221;0&#8243;]<\/p>\n<p>During our activity, we have fulfilled a wide variety of orders. We have created quite complex straw\/wall sculptures and compositions for various companies, institutions and holidays.<br \/>We can mention only a few of the most striking commissioned works:<\/p>\n<ul>\n<li>Decorations \u2013 straw horses for the main Christmas tree in Vilnius, Lithuania.<\/li>\n<li>Decorations for the main Christmas tree in Dome Square, Old Riga.<\/li>\n<li>Composition \u201cL\u0101\u010dpl\u0113sis and the Black Knight\u201d, 9th kilometer of Liep\u0101ja highway.<\/li>\n<li>Decor \u201cSiena z\u0101rds\u201d for the Riga Folk Theater for the play \u201cRai\u0146a sap\u0146i\u201d.<\/li>\n<li>Sculpture \u201cRiga Black Cat\u201d at the facade of the shopping center, in Old Riga. It is one of the most popular tourist attractions in Old Riga.<\/li>\n<li>Sculpture \u201cBlack Garlic\u201d for a restaurant in Old Riga.<\/li>\n<li>Easter bunnies in Garkalne district.<\/li>\n<li>Nativity scene in Tukums Evangelical Lutheran Church<\/li>\n<\/ul>\n<p>Several straw folk daughters in Old Riga near souvenir shops and several dozen more works not only for companies, but also for collectors, museums, private individuals, etc.<\/p>\n<p>[\/et_pb_text][\/et_pb_column][\/et_pb_row][\/et_pb_section]<\/p>\n","protected":false},"excerpt":{"rendered":"<p>The Straw Museum\u00a0Individual ordersIf you want to be noticeable, original, please existing customers and attract new ones, then we make various straw\/wall sculptures, dolls and decorations according to your order. Anyone who wants to complement or decorate their retail outlet, house facade, shop window or surrounding environment can place an order. We ensure the highest&#8230; <a class=\"more-link\" href=\"https:\/\/salmi.pircejacels.lv\/en\/individual-orders\/\">Las\u012bt vair\u0101k &rarr;<\/a><\/p>\n","protected":false},"author":1,"featured_media":0,"parent":0,"menu_order":0,"comment_status":"closed","ping_status":"closed","template":"","meta":{"_et_pb_use_builder":"on","_et_pb_old_content":"","_et_gb_content_width":"","footnotes":""},"class_list":["post-474","page","type-page","status-publish","hentry"],"_links":{"self":[{"href":"https:\/\/salmi.pircejacels.lv\/en\/wp-json\/wp\/v2\/pages\/474","targetHints":{"allow":["GET"]}}],"collection":[{"href":"https:\/\/salmi.pircejacels.lv\/en\/wp-json\/wp\/v2\/pages"}],"about":[{"href":"https:\/\/salmi.pircejacels.lv\/en\/wp-json\/wp\/v2\/types\/page"}],"author":[{"embeddable":true,"href":"https:\/\/salmi.pircejacels.lv\/en\/wp-json\/wp\/v2\/users\/1"}],"replies":[{"embeddable":true,"href":"https:\/\/salmi.pircejacels.lv\/en\/wp-json\/wp\/v2\/comments?post=474"}],"version-history":[{"count":2,"href":"https:\/\/salmi.pircejacels.lv\/en\/wp-json\/wp\/v2\/pages\/474\/revisions"}],"predecessor-version":[{"id":476,"href":"https:\/\/salmi.pircejacels.lv\/en\/wp-json\/wp\/v2\/pages\/474\/revisions\/476"}],"wp:attachment":[{"href":"https:\/\/salmi.pircejacels.lv\/en\/wp-json\/wp\/v2\/media?parent=474"}],"curies":[{"name":"wp","href":"https:\/\/api.w.org\/{rel}","templated":true}]}}